{"id":260,"date":"2023-12-22T15:08:29","date_gmt":"2023-12-22T14:08:29","guid":{"rendered":"https:\/\/oummapro.com\/?page_id=260"},"modified":"2023-12-22T16:21:00","modified_gmt":"2023-12-22T15:21:00","slug":"cause-de-non-responsabilite","status":"publish","type":"page","link":"https:\/\/oummapro.com\/index.php\/cause-de-non-responsabilite\/","title":{"rendered":"Cause de non-responsabilit\u00e9"},"content":{"rendered":"\t\t<div data-elementor-type=\"wp-page\" data-elementor-id=\"260\" class=\"elementor elementor-260\">\n\t\t\t\t<div class=\"elementor-element elementor-element-289afb9 e-flex e-con-boxed e-con e-parent\" data-id=\"289afb9\" data-element_type=\"container\">\n\t\t\t\t\t<div class=\"e-con-inner\">\n\t\t\t\t<div class=\"elementor-element elementor-element-1d0d78f elementor-widget elementor-widget-text-editor\" data-id=\"1d0d78f\" data-element_type=\"widget\" data-widget_type=\"text-editor.default\">\n\t\t\t\t<div class=\"elementor-widget-container\">\n\t\t\t\t\t\t\t\t\t<p><b>Nous tenons \u00e0 souligner que OummaPro est une plateforme qui facilite la mise en relation entre les utilisateurs et les professionnels qualifi\u00e9s. Bien que nous nous effor\u00e7ons de fournir des services de haute qualit\u00e9, nous ne pouvons garantir l&#8217;exactitude, l&#8217;exhaustivit\u00e9 ou la fiabilit\u00e9 des informations partag\u00e9es par les mentors.<\/b><\/p><p><b>Il est important de comprendre que les conseils, les orientations et les informations fournis par les professionnels sur OummaPro sont bas\u00e9s sur leur expertise et leur exp\u00e9rience personnelle. Cependant, chaque situation professionnelle est unique et peut varier en fonction de nombreux facteurs.<\/b><\/p><p><b>En utilisant notre plateforme, vous acceptez que OummaPro ne soit pas responsable des r\u00e9sultats, des actions ou des d\u00e9cisions prises par les utilisateurs en se basant sur les conseils des professionnels. Chaque utilisateur est responsable de ses propres choix et actions professionnelles.<\/b><\/p><p><b>De plus, veuillez noter que OummaPro ne peut pas garantir que la relation entre le public et les professionnels restera enti\u00e8rement professionnelle. Bien que nous nous effor\u00e7ons de cr\u00e9er un environnement s\u00fbr et respectueux, il est de la responsabilit\u00e9 de chaque utilisateur de maintenir des interactions appropri\u00e9es et professionnelles.<\/b><\/p><p><b>Nous vous encourageons \u00e0 exercer votre propre jugement et \u00e0 prendre des d\u00e9cisions \u00e9clair\u00e9es en utilisant les informations et les conseils fournis par les professionnels. Si vous avez des pr\u00e9occupations concernant la conduite ou le comportement d&#8217;un professionnel, veuillez nous en informer afin que nous puissions prendre les mesures appropri\u00e9es.<\/b><\/p><p><b>En vous inscrivant sur OummaPro, vous acceptez les conditions d&#8217;utilisation et vous reconnaissez que vous comprenez les limitations et les risques associ\u00e9s \u00e0 l&#8217;utilisation de notre plateforme.<\/b><\/p>\t\t\t\t\t\t\t\t<\/div>\n\t\t\t\t<\/div>\n\t\t\t\t\t<\/div>\n\t\t\t\t<\/div>\n\t\t<div class=\"elementor-element elementor-element-4be4f32 e-flex e-con-boxed e-con e-parent\" data-id=\"4be4f32\" data-element_type=\"container\">\n\t\t\t\t\t<div class=\"e-con-inner\">\n\t\t\t\t<div class=\"elementor-element elementor-element-715e33c elementor-widget elementor-widget-eael-creative-button\" data-id=\"715e33c\" data-element_type=\"widget\" data-widget_type=\"eael-creative-button.default\">\n\t\t\t\t<div class=\"elementor-widget-container\">\n\t\t\t\t\t        <div class=\"eael-creative-button-wrapper\">\n\n            <a class=\"eael-creative-button eael-creative-button--aylen\" href=\"https:\/\/oummapro.com\/\" data-text=\"\">\n\n\t    \n                <div class=\"creative-button-inner\">\n\n                    \n                    <span class=\"cretive-button-text\">J'ai compris et j'accepte les conditions<\/span>\n\n                                    <\/div>\n\t                        <\/a>\n        <\/div>\n\t\t\t\t<\/div>\n\t\t\t\t<\/div>\n\t\t\t\t\t<\/div>\n\t\t\t\t<\/div>\n\t\t\t\t<\/div>\n\t\t","protected":false},"excerpt":{"rendered":"<p>Nous tenons \u00e0 souligner que OummaPro est une plateforme qui facilite la mise en relation entre les utilisateurs et les professionnels qualifi\u00e9s. Bien que nous nous effor\u00e7ons de fournir des services de haute qualit\u00e9, nous ne pouvons garantir l&#8217;exactitude, l&#8217;exhaustivit\u00e9 ou la fiabilit\u00e9 des informations partag\u00e9es par les mentors. Il est important de comprendre que [&hellip;]<\/p>\n","protected":false},"author":1,"featured_media":0,"parent":0,"menu_order":0,"comment_status":"closed","ping_status":"closed","template":"","meta":{"ocean_post_layout":"","ocean_both_sidebars_style":"","ocean_both_sidebars_content_width":0,"ocean_both_sidebars_sidebars_width":0,"ocean_sidebar":"","ocean_second_sidebar":"","ocean_disable_margins":"enable","ocean_add_body_class":"","ocean_shortcode_before_top_bar":"","ocean_shortcode_after_top_bar":"","ocean_shortcode_before_header":"","ocean_shortcode_after_header":"","ocean_has_shortcode":"","ocean_shortcode_after_title":"","ocean_shortcode_before_footer_widgets":"","ocean_shortcode_after_footer_widgets":"","ocean_shortcode_before_footer_bottom":"","ocean_shortcode_after_footer_bottom":"","ocean_display_top_bar":"default","ocean_display_header":"default","ocean_header_style":"","ocean_center_header_left_menu":"","ocean_custom_header_template":"","ocean_custom_logo":0,"ocean_custom_retina_logo":0,"ocean_custom_logo_max_width":0,"ocean_custom_logo_tablet_max_width":0,"ocean_custom_logo_mobile_max_width":0,"ocean_custom_logo_max_height":0,"ocean_custom_logo_tablet_max_height":0,"ocean_custom_logo_mobile_max_height":0,"ocean_header_custom_menu":"","ocean_menu_typo_font_family":"","ocean_menu_typo_font_subset":"","ocean_menu_typo_font_size":0,"ocean_menu_typo_font_size_tablet":0,"ocean_menu_typo_font_size_mobile":0,"ocean_menu_typo_font_size_unit":"px","ocean_menu_typo_font_weight":"","ocean_menu_typo_font_weight_tablet":"","ocean_menu_typo_font_weight_mobile":"","ocean_menu_typo_transform":"","ocean_menu_typo_transform_tablet":"","ocean_menu_typo_transform_mobile":"","ocean_menu_typo_line_height":0,"ocean_menu_typo_line_height_tablet":0,"ocean_menu_typo_line_height_mobile":0,"ocean_menu_typo_line_height_unit":"","ocean_menu_typo_spacing":0,"ocean_menu_typo_spacing_tablet":0,"ocean_menu_typo_spacing_mobile":0,"ocean_menu_typo_spacing_unit":"","ocean_menu_link_color":"","ocean_menu_link_color_hover":"","ocean_menu_link_color_active":"","ocean_menu_link_background":"","ocean_menu_link_hover_background":"","ocean_menu_link_active_background":"","ocean_menu_social_links_bg":"","ocean_menu_social_hover_links_bg":"","ocean_menu_social_links_color":"","ocean_menu_social_hover_links_color":"","ocean_disable_title":"default","ocean_disable_heading":"default","ocean_post_title":"","ocean_post_subheading":"","ocean_post_title_style":"","ocean_post_title_background_color":"","ocean_post_title_background":0,"ocean_post_title_bg_image_position":"","ocean_post_title_bg_image_attachment":"","ocean_post_title_bg_image_repeat":"","ocean_post_title_bg_image_size":"","ocean_post_title_height":0,"ocean_post_title_bg_overlay":0.5,"ocean_post_title_bg_overlay_color":"","ocean_disable_breadcrumbs":"default","ocean_breadcrumbs_color":"","ocean_breadcrumbs_separator_color":"","ocean_breadcrumbs_links_color":"","ocean_breadcrumbs_links_hover_color":"","ocean_display_footer_widgets":"default","ocean_display_footer_bottom":"default","ocean_custom_footer_template":"","footnotes":""},"yoast_head":"<!-- This site is optimized with the Yoast SEO plugin v22.6 - https:\/\/yoast.com\/wordpress\/plugins\/seo\/ -->\n<title>Cause de non-responsabilit\u00e9 - oummapro.com<\/title>\n<meta name=\"robots\" content=\"index, follow, max-snippet:-1, max-image-preview:large, max-video-preview:-1\" \/>\n<link rel=\"canonical\" href=\"https:\/\/oummapro.com\/index.php\/cause-de-non-responsabilite\/\" \/>\n<meta property=\"og:locale\" content=\"en_US\" \/>\n<meta property=\"og:type\" content=\"article\" \/>\n<meta property=\"og:title\" content=\"Cause de non-responsabilit\u00e9 - oummapro.com\" \/>\n<meta property=\"og:description\" content=\"Nous tenons \u00e0 souligner que OummaPro est une plateforme qui facilite la mise en relation entre les utilisateurs et les professionnels qualifi\u00e9s. Bien que nous nous effor\u00e7ons de fournir des services de haute qualit\u00e9, nous ne pouvons garantir l&#8217;exactitude, l&#8217;exhaustivit\u00e9 ou la fiabilit\u00e9 des informations partag\u00e9es par les mentors. Il est important de comprendre que [&hellip;]\" \/>\n<meta property=\"og:url\" content=\"https:\/\/oummapro.com\/index.php\/cause-de-non-responsabilite\/\" \/>\n<meta property=\"og:site_name\" content=\"oummapro.com\" \/>\n<meta property=\"article:modified_time\" content=\"2023-12-22T15:21:00+00:00\" \/>\n<meta name=\"twitter:card\" content=\"summary_large_image\" \/>\n<meta name=\"twitter:label1\" content=\"Est. reading time\" \/>\n\t<meta name=\"twitter:data1\" content=\"2 minutes\" \/>\n<script type=\"application\/ld+json\" class=\"yoast-schema-graph\">{\"@context\":\"https:\/\/schema.org\",\"@graph\":[{\"@type\":\"WebPage\",\"@id\":\"https:\/\/oummapro.com\/index.php\/cause-de-non-responsabilite\/\",\"url\":\"https:\/\/oummapro.com\/index.php\/cause-de-non-responsabilite\/\",\"name\":\"Cause de non-responsabilit\u00e9 - oummapro.com\",\"isPartOf\":{\"@id\":\"https:\/\/oummapro.com\/#website\"},\"datePublished\":\"2023-12-22T14:08:29+00:00\",\"dateModified\":\"2023-12-22T15:21:00+00:00\",\"breadcrumb\":{\"@id\":\"https:\/\/oummapro.com\/index.php\/cause-de-non-responsabilite\/#breadcrumb\"},\"inLanguage\":\"en-US\",\"potentialAction\":[{\"@type\":\"ReadAction\",\"target\":[\"https:\/\/oummapro.com\/index.php\/cause-de-non-responsabilite\/\"]}]},{\"@type\":\"BreadcrumbList\",\"@id\":\"https:\/\/oummapro.com\/index.php\/cause-de-non-responsabilite\/#breadcrumb\",\"itemListElement\":[{\"@type\":\"ListItem\",\"position\":1,\"name\":\"Accueil\",\"item\":\"https:\/\/oummapro.com\/\"},{\"@type\":\"ListItem\",\"position\":2,\"name\":\"Cause de non-responsabilit\u00e9\"}]},{\"@type\":\"WebSite\",\"@id\":\"https:\/\/oummapro.com\/#website\",\"url\":\"https:\/\/oummapro.com\/\",\"name\":\"oummapro.com\",\"description\":\"\u00c9clairons votre chemin professionnel\",\"publisher\":{\"@id\":\"https:\/\/oummapro.com\/#organization\"},\"potentialAction\":[{\"@type\":\"SearchAction\",\"target\":{\"@type\":\"EntryPoint\",\"urlTemplate\":\"https:\/\/oummapro.com\/?s={search_term_string}\"},\"query-input\":\"required name=search_term_string\"}],\"inLanguage\":\"en-US\"},{\"@type\":\"Organization\",\"@id\":\"https:\/\/oummapro.com\/#organization\",\"name\":\"oummapro.com\",\"url\":\"https:\/\/oummapro.com\/\",\"logo\":{\"@type\":\"ImageObject\",\"inLanguage\":\"en-US\",\"@id\":\"https:\/\/oummapro.com\/#\/schema\/logo\/image\/\",\"url\":\"https:\/\/oummapro.com\/wp-content\/uploads\/2023\/10\/cropped-OUMMA_PRO__3_-removebg-preview-1.png\",\"contentUrl\":\"https:\/\/oummapro.com\/wp-content\/uploads\/2023\/10\/cropped-OUMMA_PRO__3_-removebg-preview-1.png\",\"width\":866,\"height\":237,\"caption\":\"oummapro.com\"},\"image\":{\"@id\":\"https:\/\/oummapro.com\/#\/schema\/logo\/image\/\"}}]}<\/script>\n<!-- \/ Yoast SEO plugin. -->","yoast_head_json":{"title":"Cause de non-responsabilit\u00e9 - oummapro.com","robots":{"index":"index","follow":"follow","max-snippet":"max-snippet:-1","max-image-preview":"max-image-preview:large","max-video-preview":"max-video-preview:-1"},"canonical":"https:\/\/oummapro.com\/index.php\/cause-de-non-responsabilite\/","og_locale":"en_US","og_type":"article","og_title":"Cause de non-responsabilit\u00e9 - oummapro.com","og_description":"Nous tenons \u00e0 souligner que OummaPro est une plateforme qui facilite la mise en relation entre les utilisateurs et les professionnels qualifi\u00e9s. Bien que nous nous effor\u00e7ons de fournir des services de haute qualit\u00e9, nous ne pouvons garantir l&#8217;exactitude, l&#8217;exhaustivit\u00e9 ou la fiabilit\u00e9 des informations partag\u00e9es par les mentors. Il est important de comprendre que [&hellip;]","og_url":"https:\/\/oummapro.com\/index.php\/cause-de-non-responsabilite\/","og_site_name":"oummapro.com","article_modified_time":"2023-12-22T15:21:00+00:00","twitter_card":"summary_large_image","twitter_misc":{"Est. reading time":"2 minutes"},"schema":{"@context":"https:\/\/schema.org","@graph":[{"@type":"WebPage","@id":"https:\/\/oummapro.com\/index.php\/cause-de-non-responsabilite\/","url":"https:\/\/oummapro.com\/index.php\/cause-de-non-responsabilite\/","name":"Cause de non-responsabilit\u00e9 - oummapro.com","isPartOf":{"@id":"https:\/\/oummapro.com\/#website"},"datePublished":"2023-12-22T14:08:29+00:00","dateModified":"2023-12-22T15:21:00+00:00","breadcrumb":{"@id":"https:\/\/oummapro.com\/index.php\/cause-de-non-responsabilite\/#breadcrumb"},"inLanguage":"en-US","potentialAction":[{"@type":"ReadAction","target":["https:\/\/oummapro.com\/index.php\/cause-de-non-responsabilite\/"]}]},{"@type":"BreadcrumbList","@id":"https:\/\/oummapro.com\/index.php\/cause-de-non-responsabilite\/#breadcrumb","itemListElement":[{"@type":"ListItem","position":1,"name":"Accueil","item":"https:\/\/oummapro.com\/"},{"@type":"ListItem","position":2,"name":"Cause de non-responsabilit\u00e9"}]},{"@type":"WebSite","@id":"https:\/\/oummapro.com\/#website","url":"https:\/\/oummapro.com\/","name":"oummapro.com","description":"\u00c9clairons votre chemin professionnel","publisher":{"@id":"https:\/\/oummapro.com\/#organization"},"potentialAction":[{"@type":"SearchAction","target":{"@type":"EntryPoint","urlTemplate":"https:\/\/oummapro.com\/?s={search_term_string}"},"query-input":"required name=search_term_string"}],"inLanguage":"en-US"},{"@type":"Organization","@id":"https:\/\/oummapro.com\/#organization","name":"oummapro.com","url":"https:\/\/oummapro.com\/","logo":{"@type":"ImageObject","inLanguage":"en-US","@id":"https:\/\/oummapro.com\/#\/schema\/logo\/image\/","url":"https:\/\/oummapro.com\/wp-content\/uploads\/2023\/10\/cropped-OUMMA_PRO__3_-removebg-preview-1.png","contentUrl":"https:\/\/oummapro.com\/wp-content\/uploads\/2023\/10\/cropped-OUMMA_PRO__3_-removebg-preview-1.png","width":866,"height":237,"caption":"oummapro.com"},"image":{"@id":"https:\/\/oummapro.com\/#\/schema\/logo\/image\/"}}]}},"_links":{"self":[{"href":"https:\/\/oummapro.com\/index.php\/wp-json\/wp\/v2\/pages\/260"}],"collection":[{"href":"https:\/\/oummapro.com\/index.php\/wp-json\/wp\/v2\/pages"}],"about":[{"href":"https:\/\/oummapro.com\/index.php\/wp-json\/wp\/v2\/types\/page"}],"author":[{"embeddable":true,"href":"https:\/\/oummapro.com\/index.php\/wp-json\/wp\/v2\/users\/1"}],"replies":[{"embeddable":true,"href":"https:\/\/oummapro.com\/index.php\/wp-json\/wp\/v2\/comments?post=260"}],"version-history":[{"count":9,"href":"https:\/\/oummapro.com\/index.php\/wp-json\/wp\/v2\/pages\/260\/revisions"}],"predecessor-version":[{"id":271,"href":"https:\/\/oummapro.com\/index.php\/wp-json\/wp\/v2\/pages\/260\/revisions\/271"}],"wp:attachment":[{"href":"https:\/\/oummapro.com\/index.php\/wp-json\/wp\/v2\/media?parent=260"}],"curies":[{"name":"wp","href":"https:\/\/api.w.org\/{rel}","templated":true}]}}