{"id":348,"date":"2024-03-27T14:31:18","date_gmt":"2024-03-27T13:31:18","guid":{"rendered":"https:\/\/oummapro.com\/?page_id=348"},"modified":"2025-02-28T12:25:27","modified_gmt":"2025-02-28T11:25:27","slug":"inscription-mentor","status":"publish","type":"page","link":"https:\/\/oummapro.com\/index.php\/inscription-mentor\/","title":{"rendered":"Inscription du Mentor"},"content":{"rendered":"\t\t<div data-elementor-type=\"wp-page\" data-elementor-id=\"348\" class=\"elementor elementor-348\">\n\t\t\t\t<div class=\"elementor-element elementor-element-bcd1c0b e-flex e-con-boxed e-con e-parent\" data-id=\"bcd1c0b\" data-element_type=\"container\">\n\t\t\t\t\t<div class=\"e-con-inner\">\n\t\t\t\t<div class=\"elementor-element elementor-element-a5b51b5 elementor-widget elementor-widget-html\" data-id=\"a5b51b5\" data-element_type=\"widget\" data-widget_type=\"html.default\">\n\t\t\t\t<div class=\"elementor-widget-container\">\n\t\t\t\t\t<iframe data-tally-src=\"https:\/\/tally.so\/embed\/wL62d1?alignLeft=1&hideTitle=1&transparentBackground=1&dynamicHeight=1\" loading=\"lazy\" width=\"100%\" height=\"1412\" frameborder=\"0\" marginheight=\"0\" marginwidth=\"0\" title=\"Oumma Pro : Inscription Jeune\"><\/iframe>\r\n<script>var d=document,w=\"https:\/\/tally.so\/widgets\/embed.js\",v=function(){\"undefined\"!=typeof Tally?Tally.loadEmbeds():d.querySelectorAll(\"iframe[data-tally-src]:not([src])\").forEach((function(e){e.src=e.dataset.tallySrc}))};if(\"undefined\"!=typeof Tally)v();else if(d.querySelector('script[src=\"'+w+'\"]')==null){var s=d.createElement(\"script\");s.src=w,s.onload=v,s.onerror=v,d.body.appendChild(s);}<\/script>\t\t\t\t<\/div>\n\t\t\t\t<\/div>\n\t\t\t\t<div class=\"elementor-element elementor-element-716c54f elementor-widget elementor-widget-text-editor\" data-id=\"716c54f\" data-element_type=\"widget\" data-widget_type=\"text-editor.default\">\n\t\t\t\t<div class=\"elementor-widget-container\">\n\t\t\t\t\t\t\t\t\t<p>En cliquant sur \u00ab\u00a0Envoyer\u00a0\u00bb vous acceptez qu\u2019Oumma Pro traite vos donn\u00e9es dans le but de g\u00e9rer votre inscription et d\u2019assurer la mise en place du mentorat. Pour en savoir plus sur le traitement de vos donn\u00e9es \u00e0 caract\u00e8re personnel et sur l\u2019exercice de vos droits, consultez la <a href=\"https:\/\/oummapro.com\/index.php\/elementor-396\/\"><u>politique de confidentialit\u00e9<\/u>.<\/a><\/p>\t\t\t\t\t\t\t\t<\/div>\n\t\t\t\t<\/div>\n\t\t\t\t\t<\/div>\n\t\t\t\t<\/div>\n\t\t\t\t<\/div>\n\t\t","protected":false},"excerpt":{"rendered":"<p>En cliquant sur \u00ab\u00a0Envoyer\u00a0\u00bb vous acceptez qu\u2019Oumma Pro traite vos donn\u00e9es dans le but de g\u00e9rer votre inscription et d\u2019assurer la mise en place du mentorat. Pour en savoir plus sur le traitement de vos donn\u00e9es \u00e0 caract\u00e8re personnel et sur l\u2019exercice de vos droits, consultez la politique de confidentialit\u00e9.<\/p>\n","protected":false},"author":1,"featured_media":0,"parent":0,"menu_order":0,"comment_status":"closed","ping_status":"closed","template":"","meta":{"ocean_post_layout":"","ocean_both_sidebars_style":"","ocean_both_sidebars_content_width":0,"ocean_both_sidebars_sidebars_width":0,"ocean_sidebar":"","ocean_second_sidebar":"","ocean_disable_margins":"enable","ocean_add_body_class":"","ocean_shortcode_before_top_bar":"","ocean_shortcode_after_top_bar":"","ocean_shortcode_before_header":"","ocean_shortcode_after_header":"","ocean_has_shortcode":"","ocean_shortcode_after_title":"","ocean_shortcode_before_footer_widgets":"","ocean_shortcode_after_footer_widgets":"","ocean_shortcode_before_footer_bottom":"","ocean_shortcode_after_footer_bottom":"","ocean_display_top_bar":"default","ocean_display_header":"default","ocean_header_style":"","ocean_center_header_left_menu":"","ocean_custom_header_template":"","ocean_custom_logo":0,"ocean_custom_retina_logo":0,"ocean_custom_logo_max_width":0,"ocean_custom_logo_tablet_max_width":0,"ocean_custom_logo_mobile_max_width":0,"ocean_custom_logo_max_height":0,"ocean_custom_logo_tablet_max_height":0,"ocean_custom_logo_mobile_max_height":0,"ocean_header_custom_menu":"","ocean_menu_typo_font_family":"","ocean_menu_typo_font_subset":"","ocean_menu_typo_font_size":0,"ocean_menu_typo_font_size_tablet":0,"ocean_menu_typo_font_size_mobile":0,"ocean_menu_typo_font_size_unit":"px","ocean_menu_typo_font_weight":"","ocean_menu_typo_font_weight_tablet":"","ocean_menu_typo_font_weight_mobile":"","ocean_menu_typo_transform":"","ocean_menu_typo_transform_tablet":"","ocean_menu_typo_transform_mobile":"","ocean_menu_typo_line_height":0,"ocean_menu_typo_line_height_tablet":0,"ocean_menu_typo_line_height_mobile":0,"ocean_menu_typo_line_height_unit":"","ocean_menu_typo_spacing":0,"ocean_menu_typo_spacing_tablet":0,"ocean_menu_typo_spacing_mobile":0,"ocean_menu_typo_spacing_unit":"","ocean_menu_link_color":"","ocean_menu_link_color_hover":"","ocean_menu_link_color_active":"","ocean_menu_link_background":"","ocean_menu_link_hover_background":"","ocean_menu_link_active_background":"","ocean_menu_social_links_bg":"","ocean_menu_social_hover_links_bg":"","ocean_menu_social_links_color":"","ocean_menu_social_hover_links_color":"","ocean_disable_title":"default","ocean_disable_heading":"default","ocean_post_title":"","ocean_post_subheading":"","ocean_post_title_style":"","ocean_post_title_background_color":"","ocean_post_title_background":0,"ocean_post_title_bg_image_position":"","ocean_post_title_bg_image_attachment":"","ocean_post_title_bg_image_repeat":"","ocean_post_title_bg_image_size":"","ocean_post_title_height":0,"ocean_post_title_bg_overlay":0.5,"ocean_post_title_bg_overlay_color":"","ocean_disable_breadcrumbs":"default","ocean_breadcrumbs_color":"","ocean_breadcrumbs_separator_color":"","ocean_breadcrumbs_links_color":"","ocean_breadcrumbs_links_hover_color":"","ocean_display_footer_widgets":"default","ocean_display_footer_bottom":"default","ocean_custom_footer_template":"","footnotes":""},"yoast_head":"<!-- This site is optimized with the Yoast SEO plugin v22.6 - https:\/\/yoast.com\/wordpress\/plugins\/seo\/ -->\n<title>Inscription du Mentor - oummapro.com<\/title>\n<meta name=\"robots\" content=\"index, follow, max-snippet:-1, max-image-preview:large, max-video-preview:-1\" \/>\n<link rel=\"canonical\" href=\"https:\/\/oummapro.com\/index.php\/inscription-mentor\/\" \/>\n<meta property=\"og:locale\" content=\"en_US\" \/>\n<meta property=\"og:type\" content=\"article\" \/>\n<meta property=\"og:title\" content=\"Inscription du Mentor - oummapro.com\" \/>\n<meta property=\"og:description\" content=\"En cliquant sur \u00ab\u00a0Envoyer\u00a0\u00bb vous acceptez qu\u2019Oumma Pro traite vos donn\u00e9es dans le but de g\u00e9rer votre inscription et d\u2019assurer la mise en place du mentorat. Pour en savoir plus sur le traitement de vos donn\u00e9es \u00e0 caract\u00e8re personnel et sur l\u2019exercice de vos droits, consultez la politique de confidentialit\u00e9.\" \/>\n<meta property=\"og:url\" content=\"https:\/\/oummapro.com\/index.php\/inscription-mentor\/\" \/>\n<meta property=\"og:site_name\" content=\"oummapro.com\" \/>\n<meta property=\"article:modified_time\" content=\"2025-02-28T11:25:27+00:00\" \/>\n<meta name=\"twitter:card\" content=\"summary_large_image\" \/>\n<meta name=\"twitter:label1\" content=\"Est. reading time\" \/>\n\t<meta name=\"twitter:data1\" content=\"1 minute\" \/>\n<script type=\"application\/ld+json\" class=\"yoast-schema-graph\">{\"@context\":\"https:\/\/schema.org\",\"@graph\":[{\"@type\":\"WebPage\",\"@id\":\"https:\/\/oummapro.com\/index.php\/inscription-mentor\/\",\"url\":\"https:\/\/oummapro.com\/index.php\/inscription-mentor\/\",\"name\":\"Inscription du Mentor - oummapro.com\",\"isPartOf\":{\"@id\":\"https:\/\/oummapro.com\/#website\"},\"datePublished\":\"2024-03-27T13:31:18+00:00\",\"dateModified\":\"2025-02-28T11:25:27+00:00\",\"breadcrumb\":{\"@id\":\"https:\/\/oummapro.com\/index.php\/inscription-mentor\/#breadcrumb\"},\"inLanguage\":\"en-US\",\"potentialAction\":[{\"@type\":\"ReadAction\",\"target\":[\"https:\/\/oummapro.com\/index.php\/inscription-mentor\/\"]}]},{\"@type\":\"BreadcrumbList\",\"@id\":\"https:\/\/oummapro.com\/index.php\/inscription-mentor\/#breadcrumb\",\"itemListElement\":[{\"@type\":\"ListItem\",\"position\":1,\"name\":\"Accueil\",\"item\":\"https:\/\/oummapro.com\/\"},{\"@type\":\"ListItem\",\"position\":2,\"name\":\"Inscription du Mentor\"}]},{\"@type\":\"WebSite\",\"@id\":\"https:\/\/oummapro.com\/#website\",\"url\":\"https:\/\/oummapro.com\/\",\"name\":\"oummapro.com\",\"description\":\"\u00c9clairons votre chemin professionnel\",\"publisher\":{\"@id\":\"https:\/\/oummapro.com\/#organization\"},\"potentialAction\":[{\"@type\":\"SearchAction\",\"target\":{\"@type\":\"EntryPoint\",\"urlTemplate\":\"https:\/\/oummapro.com\/?s={search_term_string}\"},\"query-input\":\"required name=search_term_string\"}],\"inLanguage\":\"en-US\"},{\"@type\":\"Organization\",\"@id\":\"https:\/\/oummapro.com\/#organization\",\"name\":\"oummapro.com\",\"url\":\"https:\/\/oummapro.com\/\",\"logo\":{\"@type\":\"ImageObject\",\"inLanguage\":\"en-US\",\"@id\":\"https:\/\/oummapro.com\/#\/schema\/logo\/image\/\",\"url\":\"https:\/\/oummapro.com\/wp-content\/uploads\/2023\/10\/cropped-OUMMA_PRO__3_-removebg-preview-1.png\",\"contentUrl\":\"https:\/\/oummapro.com\/wp-content\/uploads\/2023\/10\/cropped-OUMMA_PRO__3_-removebg-preview-1.png\",\"width\":866,\"height\":237,\"caption\":\"oummapro.com\"},\"image\":{\"@id\":\"https:\/\/oummapro.com\/#\/schema\/logo\/image\/\"}}]}<\/script>\n<!-- \/ Yoast SEO plugin. -->","yoast_head_json":{"title":"Inscription du Mentor - oummapro.com","robots":{"index":"index","follow":"follow","max-snippet":"max-snippet:-1","max-image-preview":"max-image-preview:large","max-video-preview":"max-video-preview:-1"},"canonical":"https:\/\/oummapro.com\/index.php\/inscription-mentor\/","og_locale":"en_US","og_type":"article","og_title":"Inscription du Mentor - oummapro.com","og_description":"En cliquant sur \u00ab\u00a0Envoyer\u00a0\u00bb vous acceptez qu\u2019Oumma Pro traite vos donn\u00e9es dans le but de g\u00e9rer votre inscription et d\u2019assurer la mise en place du mentorat. Pour en savoir plus sur le traitement de vos donn\u00e9es \u00e0 caract\u00e8re personnel et sur l\u2019exercice de vos droits, consultez la politique de confidentialit\u00e9.","og_url":"https:\/\/oummapro.com\/index.php\/inscription-mentor\/","og_site_name":"oummapro.com","article_modified_time":"2025-02-28T11:25:27+00:00","twitter_card":"summary_large_image","twitter_misc":{"Est. reading time":"1 minute"},"schema":{"@context":"https:\/\/schema.org","@graph":[{"@type":"WebPage","@id":"https:\/\/oummapro.com\/index.php\/inscription-mentor\/","url":"https:\/\/oummapro.com\/index.php\/inscription-mentor\/","name":"Inscription du Mentor - oummapro.com","isPartOf":{"@id":"https:\/\/oummapro.com\/#website"},"datePublished":"2024-03-27T13:31:18+00:00","dateModified":"2025-02-28T11:25:27+00:00","breadcrumb":{"@id":"https:\/\/oummapro.com\/index.php\/inscription-mentor\/#breadcrumb"},"inLanguage":"en-US","potentialAction":[{"@type":"ReadAction","target":["https:\/\/oummapro.com\/index.php\/inscription-mentor\/"]}]},{"@type":"BreadcrumbList","@id":"https:\/\/oummapro.com\/index.php\/inscription-mentor\/#breadcrumb","itemListElement":[{"@type":"ListItem","position":1,"name":"Accueil","item":"https:\/\/oummapro.com\/"},{"@type":"ListItem","position":2,"name":"Inscription du Mentor"}]},{"@type":"WebSite","@id":"https:\/\/oummapro.com\/#website","url":"https:\/\/oummapro.com\/","name":"oummapro.com","description":"\u00c9clairons votre chemin professionnel","publisher":{"@id":"https:\/\/oummapro.com\/#organization"},"potentialAction":[{"@type":"SearchAction","target":{"@type":"EntryPoint","urlTemplate":"https:\/\/oummapro.com\/?s={search_term_string}"},"query-input":"required name=search_term_string"}],"inLanguage":"en-US"},{"@type":"Organization","@id":"https:\/\/oummapro.com\/#organization","name":"oummapro.com","url":"https:\/\/oummapro.com\/","logo":{"@type":"ImageObject","inLanguage":"en-US","@id":"https:\/\/oummapro.com\/#\/schema\/logo\/image\/","url":"https:\/\/oummapro.com\/wp-content\/uploads\/2023\/10\/cropped-OUMMA_PRO__3_-removebg-preview-1.png","contentUrl":"https:\/\/oummapro.com\/wp-content\/uploads\/2023\/10\/cropped-OUMMA_PRO__3_-removebg-preview-1.png","width":866,"height":237,"caption":"oummapro.com"},"image":{"@id":"https:\/\/oummapro.com\/#\/schema\/logo\/image\/"}}]}},"_links":{"self":[{"href":"https:\/\/oummapro.com\/index.php\/wp-json\/wp\/v2\/pages\/348"}],"collection":[{"href":"https:\/\/oummapro.com\/index.php\/wp-json\/wp\/v2\/pages"}],"about":[{"href":"https:\/\/oummapro.com\/index.php\/wp-json\/wp\/v2\/types\/page"}],"author":[{"embeddable":true,"href":"https:\/\/oummapro.com\/index.php\/wp-json\/wp\/v2\/users\/1"}],"replies":[{"embeddable":true,"href":"https:\/\/oummapro.com\/index.php\/wp-json\/wp\/v2\/comments?post=348"}],"version-history":[{"count":17,"href":"https:\/\/oummapro.com\/index.php\/wp-json\/wp\/v2\/pages\/348\/revisions"}],"predecessor-version":[{"id":443,"href":"https:\/\/oummapro.com\/index.php\/wp-json\/wp\/v2\/pages\/348\/revisions\/443"}],"wp:attachment":[{"href":"https:\/\/oummapro.com\/index.php\/wp-json\/wp\/v2\/media?parent=348"}],"curies":[{"name":"wp","href":"https:\/\/api.w.org\/{rel}","templated":true}]}}