{"id":58,"date":"2023-10-20T11:21:41","date_gmt":"2023-10-20T09:21:41","guid":{"rendered":"https:\/\/oummapro.com\/?page_id=58"},"modified":"2024-01-12T10:19:36","modified_gmt":"2024-01-12T09:19:36","slug":"a-propos","status":"publish","type":"page","link":"https:\/\/oummapro.com\/index.php\/a-propos\/","title":{"rendered":"\u00c0 propos"},"content":{"rendered":"\t\t<div data-elementor-type=\"wp-page\" data-elementor-id=\"58\" class=\"elementor elementor-58\">\n\t\t\t\t\t\t<section class=\"elementor-section elementor-top-section elementor-element elementor-element-4646b37e elementor-section-full_width elementor-section-height-default elementor-section-height-default\" data-id=\"4646b37e\" data-element_type=\"section\">\n\t\t\t\t\t\t<div class=\"elementor-container elementor-column-gap-no\">\n\t\t\t\t\t<div class=\"elementor-column elementor-col-100 elementor-top-column elementor-element elementor-element-7b48366e\" data-id=\"7b48366e\" data-element_type=\"column\">\n\t\t\t<div class=\"elementor-widget-wrap elementor-element-populated\">\n\t\t\t\t\t\t<section class=\"elementor-section elementor-inner-section elementor-element elementor-element-23e6d424 elementor-section-boxed elementor-section-height-default elementor-section-height-default\" data-id=\"23e6d424\" data-element_type=\"section\" data-settings=\"{&quot;background_background&quot;:&quot;classic&quot;}\">\n\t\t\t\t\t\t<div class=\"elementor-container elementor-column-gap-default\">\n\t\t\t\t\t<div class=\"elementor-column elementor-col-100 elementor-inner-column elementor-element elementor-element-4ff8e2ea\" data-id=\"4ff8e2ea\" data-element_type=\"column\">\n\t\t\t<div class=\"elementor-widget-wrap elementor-element-populated\">\n\t\t\t\t\t\t<div class=\"elementor-element elementor-element-35f1918a elementor-widget__width-initial elementor-widget-tablet__width-inherit elementor-widget-mobile__width-initial elementor-invisible elementor-widget elementor-widget-heading\" data-id=\"35f1918a\" data-element_type=\"widget\" data-settings=\"{&quot;_animation&quot;:&quot;fadeIn&quot;}\" data-widget_type=\"heading.default\">\n\t\t\t\t<div class=\"elementor-widget-container\">\n\t\t\t\t\t<h1 class=\"elementor-heading-title elementor-size-default\">De la Solidarit\u00e9, du Mentorat, de l'Ambition<br><\/h1>\t\t\t\t<\/div>\n\t\t\t\t<\/div>\n\t\t\t\t\t<\/div>\n\t\t<\/div>\n\t\t\t\t\t<\/div>\n\t\t<\/section>\n\t\t\t\t<div class=\"elementor-element elementor-element-61506d11 elementor-invisible elementor-widget elementor-widget-image\" data-id=\"61506d11\" data-element_type=\"widget\" data-settings=\"{&quot;_animation&quot;:&quot;slideInLeft&quot;,&quot;_animation_delay&quot;:200}\" data-widget_type=\"image.default\">\n\t\t\t\t<div class=\"elementor-widget-container\">\n\t\t\t\t\t\t\t\t\t\t\t\t\t\t\t<img fetchpriority=\"high\" decoding=\"async\" width=\"2560\" height=\"1600\" src=\"https:\/\/oummapro.com\/wp-content\/uploads\/2023\/11\/9800-scaled.jpg\" class=\"attachment-full size-full wp-image-234\" alt=\"\" srcset=\"https:\/\/oummapro.com\/wp-content\/uploads\/2023\/11\/9800-scaled.jpg 2560w, https:\/\/oummapro.com\/wp-content\/uploads\/2023\/11\/9800-300x188.jpg 300w, https:\/\/oummapro.com\/wp-content\/uploads\/2023\/11\/9800-1024x640.jpg 1024w, https:\/\/oummapro.com\/wp-content\/uploads\/2023\/11\/9800-768x480.jpg 768w, https:\/\/oummapro.com\/wp-content\/uploads\/2023\/11\/9800-1536x960.jpg 1536w, https:\/\/oummapro.com\/wp-content\/uploads\/2023\/11\/9800-2048x1280.jpg 2048w\" sizes=\"(max-width: 2560px) 100vw, 2560px\" \/>\t\t\t\t\t\t\t\t\t\t\t\t\t\t\t<\/div>\n\t\t\t\t<\/div>\n\t\t\t\t\t<\/div>\n\t\t<\/div>\n\t\t\t\t\t<\/div>\n\t\t<\/section>\n\t\t\t\t<section class=\"elementor-section elementor-top-section elementor-element elementor-element-a3b012a elementor-section-boxed elementor-section-height-default elementor-section-height-default\" data-id=\"a3b012a\" data-element_type=\"section\" data-settings=\"{&quot;background_background&quot;:&quot;classic&quot;}\">\n\t\t\t\t\t\t<div class=\"elementor-container elementor-column-gap-default\">\n\t\t\t\t\t<div class=\"elementor-column elementor-col-100 elementor-top-column elementor-element elementor-element-1b144be0\" data-id=\"1b144be0\" data-element_type=\"column\">\n\t\t\t<div class=\"elementor-widget-wrap elementor-element-populated\">\n\t\t\t\t\t\t<section class=\"elementor-section elementor-inner-section elementor-element elementor-element-61d3e284 elementor-section-full_width elementor-section-height-default elementor-section-height-default\" data-id=\"61d3e284\" data-element_type=\"section\">\n\t\t\t\t\t\t<div class=\"elementor-container elementor-column-gap-no\">\n\t\t\t\t\t<div class=\"elementor-column elementor-col-50 elementor-inner-column elementor-element elementor-element-49801d78\" data-id=\"49801d78\" data-element_type=\"column\">\n\t\t\t<div class=\"elementor-widget-wrap elementor-element-populated\">\n\t\t\t\t\t\t<div class=\"elementor-element elementor-element-2a60f96c elementor-invisible elementor-widget elementor-widget-image\" data-id=\"2a60f96c\" data-element_type=\"widget\" data-settings=\"{&quot;_animation&quot;:&quot;slideInDown&quot;}\" data-widget_type=\"image.default\">\n\t\t\t\t<div class=\"elementor-widget-container\">\n\t\t\t\t\t\t\t\t\t\t\t\t\t\t\t<img decoding=\"async\" width=\"2560\" height=\"2560\" src=\"https:\/\/oummapro.com\/wp-content\/uploads\/2023\/11\/20943737-scaled.jpg\" class=\"attachment-full size-full wp-image-235\" alt=\"\" srcset=\"https:\/\/oummapro.com\/wp-content\/uploads\/2023\/11\/20943737-scaled.jpg 2560w, https:\/\/oummapro.com\/wp-content\/uploads\/2023\/11\/20943737-300x300.jpg 300w, https:\/\/oummapro.com\/wp-content\/uploads\/2023\/11\/20943737-1024x1024.jpg 1024w, https:\/\/oummapro.com\/wp-content\/uploads\/2023\/11\/20943737-150x150.jpg 150w, https:\/\/oummapro.com\/wp-content\/uploads\/2023\/11\/20943737-768x768.jpg 768w, https:\/\/oummapro.com\/wp-content\/uploads\/2023\/11\/20943737-1536x1536.jpg 1536w, https:\/\/oummapro.com\/wp-content\/uploads\/2023\/11\/20943737-2048x2048.jpg 2048w, https:\/\/oummapro.com\/wp-content\/uploads\/2023\/11\/20943737-600x600.jpg 600w\" sizes=\"(max-width: 2560px) 100vw, 2560px\" \/>\t\t\t\t\t\t\t\t\t\t\t\t\t\t\t<\/div>\n\t\t\t\t<\/div>\n\t\t\t\t\t<\/div>\n\t\t<\/div>\n\t\t\t\t<div class=\"elementor-column elementor-col-50 elementor-inner-column elementor-element elementor-element-5fb9c9b9\" data-id=\"5fb9c9b9\" data-element_type=\"column\">\n\t\t\t<div class=\"elementor-widget-wrap elementor-element-populated\">\n\t\t\t\t\t\t<div class=\"elementor-element elementor-element-6a222527 elementor-invisible elementor-widget elementor-widget-heading\" data-id=\"6a222527\" data-element_type=\"widget\" data-settings=\"{&quot;_animation&quot;:&quot;slideInUp&quot;}\" data-widget_type=\"heading.default\">\n\t\t\t\t<div class=\"elementor-widget-container\">\n\t\t\t\t\t<h2 class=\"elementor-heading-title elementor-size-default\">Notre mission<\/h2>\t\t\t\t<\/div>\n\t\t\t\t<\/div>\n\t\t\t\t<div class=\"elementor-element elementor-element-30e1b6e7 elementor-invisible elementor-widget elementor-widget-heading\" data-id=\"30e1b6e7\" data-element_type=\"widget\" data-settings=\"{&quot;_animation&quot;:&quot;slideInUp&quot;}\" data-widget_type=\"heading.default\">\n\t\t\t\t<div class=\"elementor-widget-container\">\n\t\t\t\t\t<h2 class=\"elementor-heading-title elementor-size-default\">Notre mission est simple mais puissante : offrir un espace d'\u00e9change, de mentorat et de lien fraternel gratuit pour aider les jeunes \u00e0 explorer de nouvelles voies \u00e9ducatives et professionnelles.<\/h2>\t\t\t\t<\/div>\n\t\t\t\t<\/div>\n\t\t\t\t\t<\/div>\n\t\t<\/div>\n\t\t\t\t\t<\/div>\n\t\t<\/section>\n\t\t\t\t<section class=\"elementor-section elementor-inner-section elementor-element elementor-element-552726b4 elementor-section-boxed elementor-section-height-default elementor-section-height-default\" data-id=\"552726b4\" data-element_type=\"section\">\n\t\t\t\t\t\t<div class=\"elementor-container elementor-column-gap-default\">\n\t\t\t\t\t<div class=\"elementor-column elementor-col-50 elementor-inner-column elementor-element elementor-element-2171b928\" data-id=\"2171b928\" data-element_type=\"column\">\n\t\t\t<div class=\"elementor-widget-wrap elementor-element-populated\">\n\t\t\t\t\t\t<div class=\"elementor-element elementor-element-b02ec1a elementor-invisible elementor-widget elementor-widget-heading\" data-id=\"b02ec1a\" data-element_type=\"widget\" data-settings=\"{&quot;_animation&quot;:&quot;fadeInLeft&quot;}\" data-widget_type=\"heading.default\">\n\t\t\t\t<div class=\"elementor-widget-container\">\n\t\t\t\t\t<h2 class=\"elementor-heading-title elementor-size-default\">Pourquoi Nous Existons<\/h2>\t\t\t\t<\/div>\n\t\t\t\t<\/div>\n\t\t\t\t<div class=\"elementor-element elementor-element-5058e9bb elementor-invisible elementor-widget elementor-widget-heading\" data-id=\"5058e9bb\" data-element_type=\"widget\" data-settings=\"{&quot;_animation&quot;:&quot;fadeInLeft&quot;,&quot;_animation_delay&quot;:200}\" data-widget_type=\"heading.default\">\n\t\t\t\t<div class=\"elementor-widget-container\">\n\t\t\t\t\t<h2 class=\"elementor-heading-title elementor-size-default\">Nous comprenons les d\u00e9fis auxquels sont confront\u00e9s les jeunes d'aujourd'hui, et nous croyons en la force de la solidarit\u00e9 au sein de la communaut\u00e9. C'est pourquoi nous avons cr\u00e9\u00e9 cette plateforme, pour \u00e9tablir des liens significatifs et offrir un mentorat bienveillant, le tout gratuitement.<\/h2>\t\t\t\t<\/div>\n\t\t\t\t<\/div>\n\t\t\t\t\t<\/div>\n\t\t<\/div>\n\t\t\t\t<div class=\"elementor-column elementor-col-50 elementor-inner-column elementor-element elementor-element-61548d6c\" data-id=\"61548d6c\" data-element_type=\"column\" data-settings=\"{&quot;background_background&quot;:&quot;classic&quot;}\">\n\t\t\t<div class=\"elementor-widget-wrap elementor-element-populated\">\n\t\t\t\t\t<div class=\"elementor-background-overlay\"><\/div>\n\t\t\t\t\t\t<div class=\"elementor-element elementor-element-311d2565 animated-slow elementor-invisible elementor-widget elementor-widget-image\" data-id=\"311d2565\" data-element_type=\"widget\" data-settings=\"{&quot;_animation&quot;:&quot;zoomIn&quot;,&quot;_animation_delay&quot;:300}\" data-widget_type=\"image.default\">\n\t\t\t\t<div class=\"elementor-widget-container\">\n\t\t\t\t\t\t\t\t\t\t\t\t\t\t\t<img decoding=\"async\" width=\"2560\" height=\"2560\" src=\"https:\/\/oummapro.com\/wp-content\/uploads\/2023\/11\/20943654-scaled.jpg\" class=\"attachment-full size-full wp-image-237\" alt=\"\" srcset=\"https:\/\/oummapro.com\/wp-content\/uploads\/2023\/11\/20943654-scaled.jpg 2560w, https:\/\/oummapro.com\/wp-content\/uploads\/2023\/11\/20943654-300x300.jpg 300w, https:\/\/oummapro.com\/wp-content\/uploads\/2023\/11\/20943654-1024x1024.jpg 1024w, https:\/\/oummapro.com\/wp-content\/uploads\/2023\/11\/20943654-150x150.jpg 150w, https:\/\/oummapro.com\/wp-content\/uploads\/2023\/11\/20943654-768x768.jpg 768w, https:\/\/oummapro.com\/wp-content\/uploads\/2023\/11\/20943654-1536x1536.jpg 1536w, https:\/\/oummapro.com\/wp-content\/uploads\/2023\/11\/20943654-2048x2048.jpg 2048w, https:\/\/oummapro.com\/wp-content\/uploads\/2023\/11\/20943654-600x600.jpg 600w\" sizes=\"(max-width: 2560px) 100vw, 2560px\" \/>\t\t\t\t\t\t\t\t\t\t\t\t\t\t\t<\/div>\n\t\t\t\t<\/div>\n\t\t\t\t\t<\/div>\n\t\t<\/div>\n\t\t\t\t\t<\/div>\n\t\t<\/section>\n\t\t\t\t<section class=\"elementor-section elementor-inner-section elementor-element elementor-element-11ad9c9 elementor-section-full_width elementor-section-height-default elementor-section-height-default\" data-id=\"11ad9c9\" data-element_type=\"section\">\n\t\t\t\t\t\t<div class=\"elementor-container elementor-column-gap-no\">\n\t\t\t\t\t<div class=\"elementor-column elementor-col-50 elementor-inner-column elementor-element elementor-element-1cc3d0c\" data-id=\"1cc3d0c\" data-element_type=\"column\">\n\t\t\t<div class=\"elementor-widget-wrap elementor-element-populated\">\n\t\t\t\t\t\t<div class=\"elementor-element elementor-element-cbe5bb8 elementor-invisible elementor-widget elementor-widget-image\" data-id=\"cbe5bb8\" data-element_type=\"widget\" data-settings=\"{&quot;_animation&quot;:&quot;slideInDown&quot;}\" data-widget_type=\"image.default\">\n\t\t\t\t<div class=\"elementor-widget-container\">\n\t\t\t\t\t\t\t\t\t\t\t\t\t\t\t<img loading=\"lazy\" decoding=\"async\" width=\"2560\" height=\"2560\" src=\"https:\/\/oummapro.com\/wp-content\/uploads\/2023\/11\/20943659-scaled.jpg\" class=\"attachment-full size-full wp-image-238\" alt=\"\" srcset=\"https:\/\/oummapro.com\/wp-content\/uploads\/2023\/11\/20943659-scaled.jpg 2560w, https:\/\/oummapro.com\/wp-content\/uploads\/2023\/11\/20943659-300x300.jpg 300w, https:\/\/oummapro.com\/wp-content\/uploads\/2023\/11\/20943659-1024x1024.jpg 1024w, https:\/\/oummapro.com\/wp-content\/uploads\/2023\/11\/20943659-150x150.jpg 150w, https:\/\/oummapro.com\/wp-content\/uploads\/2023\/11\/20943659-768x768.jpg 768w, https:\/\/oummapro.com\/wp-content\/uploads\/2023\/11\/20943659-1536x1536.jpg 1536w, https:\/\/oummapro.com\/wp-content\/uploads\/2023\/11\/20943659-2048x2048.jpg 2048w, https:\/\/oummapro.com\/wp-content\/uploads\/2023\/11\/20943659-600x600.jpg 600w\" sizes=\"(max-width: 2560px) 100vw, 2560px\" \/>\t\t\t\t\t\t\t\t\t\t\t\t\t\t\t<\/div>\n\t\t\t\t<\/div>\n\t\t\t\t\t<\/div>\n\t\t<\/div>\n\t\t\t\t<div class=\"elementor-column elementor-col-50 elementor-inner-column elementor-element elementor-element-387d2bd\" data-id=\"387d2bd\" data-element_type=\"column\">\n\t\t\t<div class=\"elementor-widget-wrap elementor-element-populated\">\n\t\t\t\t\t\t<div class=\"elementor-element elementor-element-93a972c elementor-invisible elementor-widget elementor-widget-heading\" data-id=\"93a972c\" data-element_type=\"widget\" data-settings=\"{&quot;_animation&quot;:&quot;slideInUp&quot;}\" data-widget_type=\"heading.default\">\n\t\t\t\t<div class=\"elementor-widget-container\">\n\t\t\t\t\t<h2 class=\"elementor-heading-title elementor-size-default\">Le Lien Fraternel<\/h2>\t\t\t\t<\/div>\n\t\t\t\t<\/div>\n\t\t\t\t<div class=\"elementor-element elementor-element-d8bba6e elementor-invisible elementor-widget elementor-widget-heading\" data-id=\"d8bba6e\" data-element_type=\"widget\" data-settings=\"{&quot;_animation&quot;:&quot;slideInUp&quot;}\" data-widget_type=\"heading.default\">\n\t\t\t\t<div class=\"elementor-widget-container\">\n\t\t\t\t\t<h2 class=\"elementor-heading-title elementor-size-default\">Imaginons notre plateforme comme une grande famille, o\u00f9 les professionnels agissent comme des grands fr\u00e8res et grandes s\u0153urs bienveillants, guidant et soutenant les cadets dans leur cheminement. C'est un espace o\u00f9 les exp\u00e9riences sont partag\u00e9es, les conseils sont prodigu\u00e9s, et o\u00f9 chacun contribue au succ\u00e8s de l'autre.<\/h2>\t\t\t\t<\/div>\n\t\t\t\t<\/div>\n\t\t\t\t\t<\/div>\n\t\t<\/div>\n\t\t\t\t\t<\/div>\n\t\t<\/section>\n\t\t\t\t\t<\/div>\n\t\t<\/div>\n\t\t\t\t\t<\/div>\n\t\t<\/section>\n\t\t\t\t<\/div>\n\t\t","protected":false},"excerpt":{"rendered":"<p>De la Solidarit\u00e9, du Mentorat, de l&#8217;Ambition Notre mission Notre mission est simple mais puissante : offrir un espace d&#8217;\u00e9change, de mentorat et de lien fraternel gratuit pour aider les jeunes \u00e0 explorer de nouvelles voies \u00e9ducatives et professionnelles. Pourquoi Nous Existons Nous comprenons les d\u00e9fis auxquels sont confront\u00e9s les jeunes d&#8217;aujourd&#8217;hui, et nous croyons [&hellip;]<\/p>\n","protected":false},"author":1,"featured_media":0,"parent":0,"menu_order":0,"comment_status":"closed","ping_status":"closed","template":"","meta":{"ocean_post_layout":"","ocean_both_sidebars_style":"","ocean_both_sidebars_content_width":0,"ocean_both_sidebars_sidebars_width":0,"ocean_sidebar":"","ocean_second_sidebar":"","ocean_disable_margins":"enable","ocean_add_body_class":"","ocean_shortcode_before_top_bar":"","ocean_shortcode_after_top_bar":"","ocean_shortcode_before_header":"","ocean_shortcode_after_header":"","ocean_has_shortcode":"","ocean_shortcode_after_title":"","ocean_shortcode_before_footer_widgets":"","ocean_shortcode_after_footer_widgets":"","ocean_shortcode_before_footer_bottom":"","ocean_shortcode_after_footer_bottom":"","ocean_display_top_bar":"default","ocean_display_header":"default","ocean_header_style":"","ocean_center_header_left_menu":"","ocean_custom_header_template":"","ocean_custom_logo":0,"ocean_custom_retina_logo":0,"ocean_custom_logo_max_width":0,"ocean_custom_logo_tablet_max_width":0,"ocean_custom_logo_mobile_max_width":0,"ocean_custom_logo_max_height":0,"ocean_custom_logo_tablet_max_height":0,"ocean_custom_logo_mobile_max_height":0,"ocean_header_custom_menu":"","ocean_menu_typo_font_family":"","ocean_menu_typo_font_subset":"","ocean_menu_typo_font_size":0,"ocean_menu_typo_font_size_tablet":0,"ocean_menu_typo_font_size_mobile":0,"ocean_menu_typo_font_size_unit":"px","ocean_menu_typo_font_weight":"","ocean_menu_typo_font_weight_tablet":"","ocean_menu_typo_font_weight_mobile":"","ocean_menu_typo_transform":"","ocean_menu_typo_transform_tablet":"","ocean_menu_typo_transform_mobile":"","ocean_menu_typo_line_height":0,"ocean_menu_typo_line_height_tablet":0,"ocean_menu_typo_line_height_mobile":0,"ocean_menu_typo_line_height_unit":"","ocean_menu_typo_spacing":0,"ocean_menu_typo_spacing_tablet":0,"ocean_menu_typo_spacing_mobile":0,"ocean_menu_typo_spacing_unit":"","ocean_menu_link_color":"","ocean_menu_link_color_hover":"","ocean_menu_link_color_active":"","ocean_menu_link_background":"","ocean_menu_link_hover_background":"","ocean_menu_link_active_background":"","ocean_menu_social_links_bg":"","ocean_menu_social_hover_links_bg":"","ocean_menu_social_links_color":"","ocean_menu_social_hover_links_color":"","ocean_disable_title":"default","ocean_disable_heading":"default","ocean_post_title":"","ocean_post_subheading":"","ocean_post_title_style":"","ocean_post_title_background_color":"","ocean_post_title_background":0,"ocean_post_title_bg_image_position":"","ocean_post_title_bg_image_attachment":"","ocean_post_title_bg_image_repeat":"","ocean_post_title_bg_image_size":"","ocean_post_title_height":0,"ocean_post_title_bg_overlay":0.5,"ocean_post_title_bg_overlay_color":"","ocean_disable_breadcrumbs":"default","ocean_breadcrumbs_color":"","ocean_breadcrumbs_separator_color":"","ocean_breadcrumbs_links_color":"","ocean_breadcrumbs_links_hover_color":"","ocean_display_footer_widgets":"default","ocean_display_footer_bottom":"default","ocean_custom_footer_template":"","footnotes":""},"yoast_head":"<!-- This site is optimized with the Yoast SEO plugin v22.6 - https:\/\/yoast.com\/wordpress\/plugins\/seo\/ -->\n<title>\u00c0 propos - oummapro.com<\/title>\n<meta name=\"robots\" content=\"index, follow, max-snippet:-1, max-image-preview:large, max-video-preview:-1\" \/>\n<link rel=\"canonical\" href=\"https:\/\/oummapro.com\/index.php\/a-propos\/\" \/>\n<meta property=\"og:locale\" content=\"en_US\" \/>\n<meta property=\"og:type\" content=\"article\" \/>\n<meta property=\"og:title\" content=\"\u00c0 propos - oummapro.com\" \/>\n<meta property=\"og:description\" content=\"De la Solidarit\u00e9, du Mentorat, de l&#8217;Ambition Notre mission Notre mission est simple mais puissante : offrir un espace d&#8217;\u00e9change, de mentorat et de lien fraternel gratuit pour aider les jeunes \u00e0 explorer de nouvelles voies \u00e9ducatives et professionnelles. Pourquoi Nous Existons Nous comprenons les d\u00e9fis auxquels sont confront\u00e9s les jeunes d&#8217;aujourd&#8217;hui, et nous croyons [&hellip;]\" \/>\n<meta property=\"og:url\" content=\"https:\/\/oummapro.com\/index.php\/a-propos\/\" \/>\n<meta property=\"og:site_name\" content=\"oummapro.com\" \/>\n<meta property=\"article:modified_time\" content=\"2024-01-12T09:19:36+00:00\" \/>\n<meta property=\"og:image\" content=\"http:\/\/oummapro.com\/wp-content\/uploads\/2023\/11\/9800-scaled.jpg\" \/>\n<meta name=\"twitter:card\" content=\"summary_large_image\" \/>\n<meta name=\"twitter:label1\" content=\"Est. reading time\" \/>\n\t<meta name=\"twitter:data1\" content=\"2 minutes\" \/>\n<script type=\"application\/ld+json\" class=\"yoast-schema-graph\">{\"@context\":\"https:\/\/schema.org\",\"@graph\":[{\"@type\":\"WebPage\",\"@id\":\"https:\/\/oummapro.com\/index.php\/a-propos\/\",\"url\":\"https:\/\/oummapro.com\/index.php\/a-propos\/\",\"name\":\"\u00c0 propos - oummapro.com\",\"isPartOf\":{\"@id\":\"https:\/\/oummapro.com\/#website\"},\"primaryImageOfPage\":{\"@id\":\"https:\/\/oummapro.com\/index.php\/a-propos\/#primaryimage\"},\"image\":{\"@id\":\"https:\/\/oummapro.com\/index.php\/a-propos\/#primaryimage\"},\"thumbnailUrl\":\"http:\/\/oummapro.com\/wp-content\/uploads\/2023\/11\/9800-scaled.jpg\",\"datePublished\":\"2023-10-20T09:21:41+00:00\",\"dateModified\":\"2024-01-12T09:19:36+00:00\",\"breadcrumb\":{\"@id\":\"https:\/\/oummapro.com\/index.php\/a-propos\/#breadcrumb\"},\"inLanguage\":\"en-US\",\"potentialAction\":[{\"@type\":\"ReadAction\",\"target\":[\"https:\/\/oummapro.com\/index.php\/a-propos\/\"]}]},{\"@type\":\"ImageObject\",\"inLanguage\":\"en-US\",\"@id\":\"https:\/\/oummapro.com\/index.php\/a-propos\/#primaryimage\",\"url\":\"https:\/\/oummapro.com\/wp-content\/uploads\/2023\/11\/9800-scaled.jpg\",\"contentUrl\":\"https:\/\/oummapro.com\/wp-content\/uploads\/2023\/11\/9800-scaled.jpg\",\"width\":2560,\"height\":1600,\"caption\":\"Active tourist hiking in mountain. Man wearing backpack, enjoying trekking, looking at snowcapped peaks. Vector illustration for nature, wilderness, adventure travel concept\"},{\"@type\":\"BreadcrumbList\",\"@id\":\"https:\/\/oummapro.com\/index.php\/a-propos\/#breadcrumb\",\"itemListElement\":[{\"@type\":\"ListItem\",\"position\":1,\"name\":\"Accueil\",\"item\":\"https:\/\/oummapro.com\/\"},{\"@type\":\"ListItem\",\"position\":2,\"name\":\"\u00c0 propos\"}]},{\"@type\":\"WebSite\",\"@id\":\"https:\/\/oummapro.com\/#website\",\"url\":\"https:\/\/oummapro.com\/\",\"name\":\"oummapro.com\",\"description\":\"\u00c9clairons votre chemin professionnel\",\"publisher\":{\"@id\":\"https:\/\/oummapro.com\/#organization\"},\"potentialAction\":[{\"@type\":\"SearchAction\",\"target\":{\"@type\":\"EntryPoint\",\"urlTemplate\":\"https:\/\/oummapro.com\/?s={search_term_string}\"},\"query-input\":\"required name=search_term_string\"}],\"inLanguage\":\"en-US\"},{\"@type\":\"Organization\",\"@id\":\"https:\/\/oummapro.com\/#organization\",\"name\":\"oummapro.com\",\"url\":\"https:\/\/oummapro.com\/\",\"logo\":{\"@type\":\"ImageObject\",\"inLanguage\":\"en-US\",\"@id\":\"https:\/\/oummapro.com\/#\/schema\/logo\/image\/\",\"url\":\"https:\/\/oummapro.com\/wp-content\/uploads\/2023\/10\/cropped-OUMMA_PRO__3_-removebg-preview-1.png\",\"contentUrl\":\"https:\/\/oummapro.com\/wp-content\/uploads\/2023\/10\/cropped-OUMMA_PRO__3_-removebg-preview-1.png\",\"width\":866,\"height\":237,\"caption\":\"oummapro.com\"},\"image\":{\"@id\":\"https:\/\/oummapro.com\/#\/schema\/logo\/image\/\"}}]}<\/script>\n<!-- \/ Yoast SEO plugin. -->","yoast_head_json":{"title":"\u00c0 propos - oummapro.com","robots":{"index":"index","follow":"follow","max-snippet":"max-snippet:-1","max-image-preview":"max-image-preview:large","max-video-preview":"max-video-preview:-1"},"canonical":"https:\/\/oummapro.com\/index.php\/a-propos\/","og_locale":"en_US","og_type":"article","og_title":"\u00c0 propos - oummapro.com","og_description":"De la Solidarit\u00e9, du Mentorat, de l&#8217;Ambition Notre mission Notre mission est simple mais puissante : offrir un espace d&#8217;\u00e9change, de mentorat et de lien fraternel gratuit pour aider les jeunes \u00e0 explorer de nouvelles voies \u00e9ducatives et professionnelles. Pourquoi Nous Existons Nous comprenons les d\u00e9fis auxquels sont confront\u00e9s les jeunes d&#8217;aujourd&#8217;hui, et nous croyons [&hellip;]","og_url":"https:\/\/oummapro.com\/index.php\/a-propos\/","og_site_name":"oummapro.com","article_modified_time":"2024-01-12T09:19:36+00:00","og_image":[{"url":"http:\/\/oummapro.com\/wp-content\/uploads\/2023\/11\/9800-scaled.jpg"}],"twitter_card":"summary_large_image","twitter_misc":{"Est. reading time":"2 minutes"},"schema":{"@context":"https:\/\/schema.org","@graph":[{"@type":"WebPage","@id":"https:\/\/oummapro.com\/index.php\/a-propos\/","url":"https:\/\/oummapro.com\/index.php\/a-propos\/","name":"\u00c0 propos - oummapro.com","isPartOf":{"@id":"https:\/\/oummapro.com\/#website"},"primaryImageOfPage":{"@id":"https:\/\/oummapro.com\/index.php\/a-propos\/#primaryimage"},"image":{"@id":"https:\/\/oummapro.com\/index.php\/a-propos\/#primaryimage"},"thumbnailUrl":"http:\/\/oummapro.com\/wp-content\/uploads\/2023\/11\/9800-scaled.jpg","datePublished":"2023-10-20T09:21:41+00:00","dateModified":"2024-01-12T09:19:36+00:00","breadcrumb":{"@id":"https:\/\/oummapro.com\/index.php\/a-propos\/#breadcrumb"},"inLanguage":"en-US","potentialAction":[{"@type":"ReadAction","target":["https:\/\/oummapro.com\/index.php\/a-propos\/"]}]},{"@type":"ImageObject","inLanguage":"en-US","@id":"https:\/\/oummapro.com\/index.php\/a-propos\/#primaryimage","url":"https:\/\/oummapro.com\/wp-content\/uploads\/2023\/11\/9800-scaled.jpg","contentUrl":"https:\/\/oummapro.com\/wp-content\/uploads\/2023\/11\/9800-scaled.jpg","width":2560,"height":1600,"caption":"Active tourist hiking in mountain. Man wearing backpack, enjoying trekking, looking at snowcapped peaks. Vector illustration for nature, wilderness, adventure travel concept"},{"@type":"BreadcrumbList","@id":"https:\/\/oummapro.com\/index.php\/a-propos\/#breadcrumb","itemListElement":[{"@type":"ListItem","position":1,"name":"Accueil","item":"https:\/\/oummapro.com\/"},{"@type":"ListItem","position":2,"name":"\u00c0 propos"}]},{"@type":"WebSite","@id":"https:\/\/oummapro.com\/#website","url":"https:\/\/oummapro.com\/","name":"oummapro.com","description":"\u00c9clairons votre chemin professionnel","publisher":{"@id":"https:\/\/oummapro.com\/#organization"},"potentialAction":[{"@type":"SearchAction","target":{"@type":"EntryPoint","urlTemplate":"https:\/\/oummapro.com\/?s={search_term_string}"},"query-input":"required name=search_term_string"}],"inLanguage":"en-US"},{"@type":"Organization","@id":"https:\/\/oummapro.com\/#organization","name":"oummapro.com","url":"https:\/\/oummapro.com\/","logo":{"@type":"ImageObject","inLanguage":"en-US","@id":"https:\/\/oummapro.com\/#\/schema\/logo\/image\/","url":"https:\/\/oummapro.com\/wp-content\/uploads\/2023\/10\/cropped-OUMMA_PRO__3_-removebg-preview-1.png","contentUrl":"https:\/\/oummapro.com\/wp-content\/uploads\/2023\/10\/cropped-OUMMA_PRO__3_-removebg-preview-1.png","width":866,"height":237,"caption":"oummapro.com"},"image":{"@id":"https:\/\/oummapro.com\/#\/schema\/logo\/image\/"}}]}},"_links":{"self":[{"href":"https:\/\/oummapro.com\/index.php\/wp-json\/wp\/v2\/pages\/58"}],"collection":[{"href":"https:\/\/oummapro.com\/index.php\/wp-json\/wp\/v2\/pages"}],"about":[{"href":"https:\/\/oummapro.com\/index.php\/wp-json\/wp\/v2\/types\/page"}],"author":[{"embeddable":true,"href":"https:\/\/oummapro.com\/index.php\/wp-json\/wp\/v2\/users\/1"}],"replies":[{"embeddable":true,"href":"https:\/\/oummapro.com\/index.php\/wp-json\/wp\/v2\/comments?post=58"}],"version-history":[{"count":17,"href":"https:\/\/oummapro.com\/index.php\/wp-json\/wp\/v2\/pages\/58\/revisions"}],"predecessor-version":[{"id":274,"href":"https:\/\/oummapro.com\/index.php\/wp-json\/wp\/v2\/pages\/58\/revisions\/274"}],"wp:attachment":[{"href":"https:\/\/oummapro.com\/index.php\/wp-json\/wp\/v2\/media?parent=58"}],"curies":[{"name":"wp","href":"https:\/\/api.w.org\/{rel}","templated":true}]}}