{"id":60,"date":"2023-10-20T11:22:15","date_gmt":"2023-10-20T09:22:15","guid":{"rendered":"https:\/\/oummapro.com\/?page_id=60"},"modified":"2024-04-24T11:40:38","modified_gmt":"2024-04-24T09:40:38","slug":"contact","status":"publish","type":"page","link":"https:\/\/oummapro.com\/index.php\/contact\/","title":{"rendered":"Contact"},"content":{"rendered":"\t\t<div data-elementor-type=\"wp-page\" data-elementor-id=\"60\" class=\"elementor elementor-60\">\n\t\t\t\t<div class=\"elementor-element elementor-element-2329743 e-flex e-con-boxed e-con e-parent\" data-id=\"2329743\" data-element_type=\"container\">\n\t\t\t\t\t<div class=\"e-con-inner\">\n\t\t\t\t<div class=\"elementor-element elementor-element-da8cffc elementor-widget__width-initial elementor-widget elementor-widget-formidable\" data-id=\"da8cffc\" data-element_type=\"widget\" data-widget_type=\"formidable.default\">\n\t\t\t\t<div class=\"elementor-widget-container\">\n\t\t\t\t\t<div class=\"frm_forms  with_frm_style frm_style_style-formidable\" id=\"frm_form_2_container\" data-token=\"9354ce49ffecd7c64bdfa5d05e1ff994\">\n<form enctype=\"multipart\/form-data\" method=\"post\" class=\"frm-show-form \" id=\"form_contact\" data-token=\"9354ce49ffecd7c64bdfa5d05e1ff994\">\n<div class=\"frm_form_fields \">\n<fieldset>\n<legend class=\"frm_screen_reader\">Contact<\/legend>\r\n\r\n<div class=\"frm_fields_container\">\n<input type=\"hidden\" name=\"frm_action\" value=\"create\" \/>\n<input type=\"hidden\" name=\"form_id\" value=\"2\" \/>\n<input type=\"hidden\" name=\"frm_hide_fields_2\" id=\"frm_hide_fields_2\" value=\"\" \/>\n<input type=\"hidden\" name=\"form_key\" value=\"contact\" \/>\n<input type=\"hidden\" name=\"item_meta[0]\" value=\"\" \/>\n<input type=\"hidden\" id=\"frm_submit_entry_2\" name=\"frm_submit_entry_2\" value=\"ffd0098d8d\" \/><input type=\"hidden\" name=\"_wp_http_referer\" value=\"\/index.php\/wp-json\/wp\/v2\/pages\/60\" \/><div id=\"frm_field_6_container\" class=\"frm_form_field form-field  frm_required_field frm_top_container frm6 frm_first\">\r\n    <label for=\"field_zm4r3\" id=\"field_zm4r3_label\" class=\"frm_primary_label\">Pr\u00e9nom\r\n        <span class=\"frm_required\" aria-hidden=\"true\">*<\/span>\r\n    <\/label>\r\n    <input type=\"text\" id=\"field_zm4r3\" name=\"item_meta[6]\" value=\"\"  data-reqmsg=\"Pr\u00e9nom cannot be blank.\" aria-required=\"true\" data-invmsg=\"texte est non valide\" aria-invalid=\"false\"  \/>\r\n    \r\n    \r\n<\/div>\n<div id=\"frm_field_7_container\" class=\"frm_form_field form-field  frm_required_field frm_top_container frm6\">\r\n    <label for=\"field_jtnej\" id=\"field_jtnej_label\" class=\"frm_primary_label\">Nom\r\n        <span class=\"frm_required\" aria-hidden=\"true\">*<\/span>\r\n    <\/label>\r\n    <input type=\"text\" id=\"field_jtnej\" name=\"item_meta[7]\" value=\"\"  data-reqmsg=\"Nom cannot be blank.\" aria-required=\"true\" data-invmsg=\"texte est non valide\" aria-invalid=\"false\"  \/>\r\n    \r\n    \r\n<\/div>\n<div id=\"frm_field_8_container\" class=\"frm_form_field form-field  frm_required_field frm_top_container\">\r\n    <label for=\"field_ydl6b\" id=\"field_ydl6b_label\" class=\"frm_primary_label\">Email\r\n        <span class=\"frm_required\" aria-hidden=\"true\">*<\/span>\r\n    <\/label>\r\n    <input type=\"email\" id=\"field_ydl6b\" name=\"item_meta[8]\" value=\"\"  data-reqmsg=\"Email cannot be blank.\" aria-required=\"true\" data-invmsg=\"Email est non valide\" aria-invalid=\"false\"  \/>\r\n    \r\n    \r\n<\/div>\n<div id=\"frm_field_9_container\" class=\"frm_form_field form-field  frm_top_container\">\r\n    <label for=\"field_yx04d\" id=\"field_yx04d_label\" class=\"frm_primary_label\">Message\r\n        <span class=\"frm_required\" aria-hidden=\"true\"><\/span>\r\n    <\/label>\r\n    <textarea name=\"item_meta[9]\" id=\"field_yx04d\" rows=\"5\"  data-invmsg=\"Message is invalid\" aria-invalid=\"false\"  ><\/textarea>\r\n    \r\n    \r\n<\/div>\n\t<input type=\"hidden\" name=\"item_key\" value=\"\" \/>\n\t\t\t<div id=\"frm_field_42_container\">\n\t\t\t<label for=\"field_42bsg\" >\n\t\t\t\tIf you are human, leave this field blank.\t\t\t<\/label>\n\t\t\t<input  id=\"field_42bsg\" type=\"text\" class=\"frm_form_field form-field frm_verify\" name=\"item_meta[42]\" value=\"\"  \/>\n\t\t<\/div>\n\t\t<input name=\"frm_state\" type=\"hidden\" value=\"w2WShhFYWvoXXsbdZdaBdp25cqNbXY1SZCvEPOnXhag=\" \/><div class=\"frm_submit\">\r\n\r\n<button class=\"frm_button_submit\" type=\"submit\"  >Envoyer<\/button>\r\n\r\n\r\n<\/div><\/div>\n<\/fieldset>\n<\/div>\n\n<\/form>\n<\/div>\n\t\t\t\t<\/div>\n\t\t\t\t<\/div>\n\t\t\t\t\t<\/div>\n\t\t\t\t<\/div>\n\t\t<div class=\"elementor-element elementor-element-0f79ea3 e-flex e-con-boxed e-con e-parent\" data-id=\"0f79ea3\" data-element_type=\"container\">\n\t\t\t\t\t<div class=\"e-con-inner\">\n\t\t\t\t<div class=\"elementor-element elementor-element-4a33414 elementor-widget elementor-widget-text-editor\" data-id=\"4a33414\" data-element_type=\"widget\" data-widget_type=\"text-editor.default\">\n\t\t\t\t<div class=\"elementor-widget-container\">\n\t\t\t\t\t\t\t\t\t<p>En cliquant sur\u00a0\u00ab\u00a0Envoyer\u00a0\u00bb vous acceptez qu\u2019Oumma Pro traite vos donn\u00e9es dans le but de vous contacter et r\u00e9pondre \u00e0 vos demandes. Pour en savoir plus sur le traitement de vos donn\u00e9es \u00e0 caract\u00e8re personnel et sur l\u2019exercice de vos droits, consultez la <a href=\"https:\/\/oummapro.com\/index.php\/elementor-396\/\"><u>politique de confidentialit\u00e9<\/u><\/a>.<\/p>\t\t\t\t\t\t\t\t<\/div>\n\t\t\t\t<\/div>\n\t\t\t\t\t<\/div>\n\t\t\t\t<\/div>\n\t\t\t\t<\/div>\n\t\t","protected":false},"excerpt":{"rendered":"<p>Contact Pr\u00e9nom * Nom * Email * Message If you are human, leave this field blank. Envoyer En cliquant sur\u00a0\u00ab\u00a0Envoyer\u00a0\u00bb vous acceptez qu\u2019Oumma Pro traite vos donn\u00e9es dans le but de vous contacter et r\u00e9pondre \u00e0 vos demandes. Pour en savoir plus sur le traitement de vos donn\u00e9es \u00e0 caract\u00e8re personnel et sur l\u2019exercice de [&hellip;]<\/p>\n","protected":false},"author":1,"featured_media":0,"parent":0,"menu_order":0,"comment_status":"closed","ping_status":"closed","template":"","meta":{"ocean_post_layout":"","ocean_both_sidebars_style":"","ocean_both_sidebars_content_width":0,"ocean_both_sidebars_sidebars_width":0,"ocean_sidebar":"","ocean_second_sidebar":"","ocean_disable_margins":"enable","ocean_add_body_class":"","ocean_shortcode_before_top_bar":"","ocean_shortcode_after_top_bar":"","ocean_shortcode_before_header":"","ocean_shortcode_after_header":"","ocean_has_shortcode":"","ocean_shortcode_after_title":"","ocean_shortcode_before_footer_widgets":"","ocean_shortcode_after_footer_widgets":"","ocean_shortcode_before_footer_bottom":"","ocean_shortcode_after_footer_bottom":"","ocean_display_top_bar":"default","ocean_display_header":"default","ocean_header_style":"","ocean_center_header_left_menu":"","ocean_custom_header_template":"","ocean_custom_logo":0,"ocean_custom_retina_logo":0,"ocean_custom_logo_max_width":0,"ocean_custom_logo_tablet_max_width":0,"ocean_custom_logo_mobile_max_width":0,"ocean_custom_logo_max_height":0,"ocean_custom_logo_tablet_max_height":0,"ocean_custom_logo_mobile_max_height":0,"ocean_header_custom_menu":"","ocean_menu_typo_font_family":"","ocean_menu_typo_font_subset":"","ocean_menu_typo_font_size":0,"ocean_menu_typo_font_size_tablet":0,"ocean_menu_typo_font_size_mobile":0,"ocean_menu_typo_font_size_unit":"px","ocean_menu_typo_font_weight":"","ocean_menu_typo_font_weight_tablet":"","ocean_menu_typo_font_weight_mobile":"","ocean_menu_typo_transform":"","ocean_menu_typo_transform_tablet":"","ocean_menu_typo_transform_mobile":"","ocean_menu_typo_line_height":0,"ocean_menu_typo_line_height_tablet":0,"ocean_menu_typo_line_height_mobile":0,"ocean_menu_typo_line_height_unit":"","ocean_menu_typo_spacing":0,"ocean_menu_typo_spacing_tablet":0,"ocean_menu_typo_spacing_mobile":0,"ocean_menu_typo_spacing_unit":"","ocean_menu_link_color":"","ocean_menu_link_color_hover":"","ocean_menu_link_color_active":"","ocean_menu_link_background":"","ocean_menu_link_hover_background":"","ocean_menu_link_active_background":"","ocean_menu_social_links_bg":"","ocean_menu_social_hover_links_bg":"","ocean_menu_social_links_color":"","ocean_menu_social_hover_links_color":"","ocean_disable_title":"default","ocean_disable_heading":"default","ocean_post_title":"","ocean_post_subheading":"","ocean_post_title_style":"","ocean_post_title_background_color":"","ocean_post_title_background":0,"ocean_post_title_bg_image_position":"","ocean_post_title_bg_image_attachment":"","ocean_post_title_bg_image_repeat":"","ocean_post_title_bg_image_size":"","ocean_post_title_height":0,"ocean_post_title_bg_overlay":0.5,"ocean_post_title_bg_overlay_color":"","ocean_disable_breadcrumbs":"default","ocean_breadcrumbs_color":"","ocean_breadcrumbs_separator_color":"","ocean_breadcrumbs_links_color":"","ocean_breadcrumbs_links_hover_color":"","ocean_display_footer_widgets":"default","ocean_display_footer_bottom":"default","ocean_custom_footer_template":"","footnotes":""},"yoast_head":"<!-- This site is optimized with the Yoast SEO plugin v22.6 - https:\/\/yoast.com\/wordpress\/plugins\/seo\/ -->\n<title>Contact - oummapro.com<\/title>\n<meta name=\"robots\" content=\"index, follow, max-snippet:-1, max-image-preview:large, max-video-preview:-1\" \/>\n<link rel=\"canonical\" href=\"https:\/\/oummapro.com\/index.php\/contact\/\" \/>\n<meta property=\"og:locale\" content=\"en_US\" \/>\n<meta property=\"og:type\" content=\"article\" \/>\n<meta property=\"og:title\" content=\"Contact - oummapro.com\" \/>\n<meta property=\"og:description\" content=\"Contact Pr\u00e9nom * Nom * Email * Message If you are human, leave this field blank. Envoyer En cliquant sur\u00a0\u00ab\u00a0Envoyer\u00a0\u00bb vous acceptez qu\u2019Oumma Pro traite vos donn\u00e9es dans le but de vous contacter et r\u00e9pondre \u00e0 vos demandes. Pour en savoir plus sur le traitement de vos donn\u00e9es \u00e0 caract\u00e8re personnel et sur l\u2019exercice de [&hellip;]\" \/>\n<meta property=\"og:url\" content=\"https:\/\/oummapro.com\/index.php\/contact\/\" \/>\n<meta property=\"og:site_name\" content=\"oummapro.com\" \/>\n<meta property=\"article:modified_time\" content=\"2024-04-24T09:40:38+00:00\" \/>\n<meta name=\"twitter:card\" content=\"summary_large_image\" \/>\n<meta name=\"twitter:label1\" content=\"Est. reading time\" \/>\n\t<meta name=\"twitter:data1\" content=\"1 minute\" \/>\n<script type=\"application\/ld+json\" class=\"yoast-schema-graph\">{\"@context\":\"https:\/\/schema.org\",\"@graph\":[{\"@type\":\"WebPage\",\"@id\":\"https:\/\/oummapro.com\/index.php\/contact\/\",\"url\":\"https:\/\/oummapro.com\/index.php\/contact\/\",\"name\":\"Contact - oummapro.com\",\"isPartOf\":{\"@id\":\"https:\/\/oummapro.com\/#website\"},\"datePublished\":\"2023-10-20T09:22:15+00:00\",\"dateModified\":\"2024-04-24T09:40:38+00:00\",\"breadcrumb\":{\"@id\":\"https:\/\/oummapro.com\/index.php\/contact\/#breadcrumb\"},\"inLanguage\":\"en-US\",\"potentialAction\":[{\"@type\":\"ReadAction\",\"target\":[\"https:\/\/oummapro.com\/index.php\/contact\/\"]}]},{\"@type\":\"BreadcrumbList\",\"@id\":\"https:\/\/oummapro.com\/index.php\/contact\/#breadcrumb\",\"itemListElement\":[{\"@type\":\"ListItem\",\"position\":1,\"name\":\"Accueil\",\"item\":\"https:\/\/oummapro.com\/\"},{\"@type\":\"ListItem\",\"position\":2,\"name\":\"Contact\"}]},{\"@type\":\"WebSite\",\"@id\":\"https:\/\/oummapro.com\/#website\",\"url\":\"https:\/\/oummapro.com\/\",\"name\":\"oummapro.com\",\"description\":\"\u00c9clairons votre chemin professionnel\",\"publisher\":{\"@id\":\"https:\/\/oummapro.com\/#organization\"},\"potentialAction\":[{\"@type\":\"SearchAction\",\"target\":{\"@type\":\"EntryPoint\",\"urlTemplate\":\"https:\/\/oummapro.com\/?s={search_term_string}\"},\"query-input\":\"required name=search_term_string\"}],\"inLanguage\":\"en-US\"},{\"@type\":\"Organization\",\"@id\":\"https:\/\/oummapro.com\/#organization\",\"name\":\"oummapro.com\",\"url\":\"https:\/\/oummapro.com\/\",\"logo\":{\"@type\":\"ImageObject\",\"inLanguage\":\"en-US\",\"@id\":\"https:\/\/oummapro.com\/#\/schema\/logo\/image\/\",\"url\":\"https:\/\/oummapro.com\/wp-content\/uploads\/2023\/10\/cropped-OUMMA_PRO__3_-removebg-preview-1.png\",\"contentUrl\":\"https:\/\/oummapro.com\/wp-content\/uploads\/2023\/10\/cropped-OUMMA_PRO__3_-removebg-preview-1.png\",\"width\":866,\"height\":237,\"caption\":\"oummapro.com\"},\"image\":{\"@id\":\"https:\/\/oummapro.com\/#\/schema\/logo\/image\/\"}}]}<\/script>\n<!-- \/ Yoast SEO plugin. -->","yoast_head_json":{"title":"Contact - oummapro.com","robots":{"index":"index","follow":"follow","max-snippet":"max-snippet:-1","max-image-preview":"max-image-preview:large","max-video-preview":"max-video-preview:-1"},"canonical":"https:\/\/oummapro.com\/index.php\/contact\/","og_locale":"en_US","og_type":"article","og_title":"Contact - oummapro.com","og_description":"Contact Pr\u00e9nom * Nom * Email * Message If you are human, leave this field blank. Envoyer En cliquant sur\u00a0\u00ab\u00a0Envoyer\u00a0\u00bb vous acceptez qu\u2019Oumma Pro traite vos donn\u00e9es dans le but de vous contacter et r\u00e9pondre \u00e0 vos demandes. Pour en savoir plus sur le traitement de vos donn\u00e9es \u00e0 caract\u00e8re personnel et sur l\u2019exercice de [&hellip;]","og_url":"https:\/\/oummapro.com\/index.php\/contact\/","og_site_name":"oummapro.com","article_modified_time":"2024-04-24T09:40:38+00:00","twitter_card":"summary_large_image","twitter_misc":{"Est. reading time":"1 minute"},"schema":{"@context":"https:\/\/schema.org","@graph":[{"@type":"WebPage","@id":"https:\/\/oummapro.com\/index.php\/contact\/","url":"https:\/\/oummapro.com\/index.php\/contact\/","name":"Contact - oummapro.com","isPartOf":{"@id":"https:\/\/oummapro.com\/#website"},"datePublished":"2023-10-20T09:22:15+00:00","dateModified":"2024-04-24T09:40:38+00:00","breadcrumb":{"@id":"https:\/\/oummapro.com\/index.php\/contact\/#breadcrumb"},"inLanguage":"en-US","potentialAction":[{"@type":"ReadAction","target":["https:\/\/oummapro.com\/index.php\/contact\/"]}]},{"@type":"BreadcrumbList","@id":"https:\/\/oummapro.com\/index.php\/contact\/#breadcrumb","itemListElement":[{"@type":"ListItem","position":1,"name":"Accueil","item":"https:\/\/oummapro.com\/"},{"@type":"ListItem","position":2,"name":"Contact"}]},{"@type":"WebSite","@id":"https:\/\/oummapro.com\/#website","url":"https:\/\/oummapro.com\/","name":"oummapro.com","description":"\u00c9clairons votre chemin professionnel","publisher":{"@id":"https:\/\/oummapro.com\/#organization"},"potentialAction":[{"@type":"SearchAction","target":{"@type":"EntryPoint","urlTemplate":"https:\/\/oummapro.com\/?s={search_term_string}"},"query-input":"required name=search_term_string"}],"inLanguage":"en-US"},{"@type":"Organization","@id":"https:\/\/oummapro.com\/#organization","name":"oummapro.com","url":"https:\/\/oummapro.com\/","logo":{"@type":"ImageObject","inLanguage":"en-US","@id":"https:\/\/oummapro.com\/#\/schema\/logo\/image\/","url":"https:\/\/oummapro.com\/wp-content\/uploads\/2023\/10\/cropped-OUMMA_PRO__3_-removebg-preview-1.png","contentUrl":"https:\/\/oummapro.com\/wp-content\/uploads\/2023\/10\/cropped-OUMMA_PRO__3_-removebg-preview-1.png","width":866,"height":237,"caption":"oummapro.com"},"image":{"@id":"https:\/\/oummapro.com\/#\/schema\/logo\/image\/"}}]}},"_links":{"self":[{"href":"https:\/\/oummapro.com\/index.php\/wp-json\/wp\/v2\/pages\/60"}],"collection":[{"href":"https:\/\/oummapro.com\/index.php\/wp-json\/wp\/v2\/pages"}],"about":[{"href":"https:\/\/oummapro.com\/index.php\/wp-json\/wp\/v2\/types\/page"}],"author":[{"embeddable":true,"href":"https:\/\/oummapro.com\/index.php\/wp-json\/wp\/v2\/users\/1"}],"replies":[{"embeddable":true,"href":"https:\/\/oummapro.com\/index.php\/wp-json\/wp\/v2\/comments?post=60"}],"version-history":[{"count":19,"href":"https:\/\/oummapro.com\/index.php\/wp-json\/wp\/v2\/pages\/60\/revisions"}],"predecessor-version":[{"id":436,"href":"https:\/\/oummapro.com\/index.php\/wp-json\/wp\/v2\/pages\/60\/revisions\/436"}],"wp:attachment":[{"href":"https:\/\/oummapro.com\/index.php\/wp-json\/wp\/v2\/media?parent=60"}],"curies":[{"name":"wp","href":"https:\/\/api.w.org\/{rel}","templated":true}]}}